{"id":1550,"date":"2022-04-08T00:34:48","date_gmt":"2022-04-08T00:34:48","guid":{"rendered":"https:\/\/smasteer.wpengine.com\/ve-nghien-cuu\/"},"modified":"2022-07-19T21:21:17","modified_gmt":"2022-07-19T21:21:17","slug":"ve-nghien-cuu","status":"publish","type":"page","link":"https:\/\/thesteerstudy.com\/vi\/","title":{"rendered":"V\u1ec1 nghi\u00ean c\u1ee9u"},"content":{"rendered":"<p>[vc_row unlock_row_content=&#8221;yes&#8221; row_height_percent=&#8221;0&#8243; override_padding=&#8221;yes&#8221; h_padding=&#8221;5&#8243; top_padding=&#8221;4&#8243; bottom_padding=&#8221;3&#8243; overlay_alpha=&#8221;50&#8243; gutter_size=&#8221;4&#8243; column_width_percent=&#8221;100&#8243; shift_y=&#8221;0&#8243; z_index=&#8221;0&#8243; uncode_shortcode_id=&#8221;325473&#8243; row_name=&#8221;what-is&#8221;][vc_column width=&#8221;1\/2&#8243;][vc_custom_heading text_size=&#8221;h1&#8243; text_height=&#8221;fontheight-181378&#8243; uncode_shortcode_id=&#8221;269975&#8243; subheading=&#8221;M\u1ee5c \u0111\u00edch c\u1ee7a Nghi\u00ean c\u1ee9u STEER l\u00e0 \u0111\u1ec3 t\u00ecm hi\u1ec3u xem li\u1ec7u ph\u00e1p \u0111i\u1ec1u tr\u1ecb gen OAV101 c\u00f3 an to\u00e0n v\u00e0 c\u00f3 th\u1ec3 gi\u00fap c\u1ea3i thi\u1ec7n ch\u1ee9c n\u0103ng c\u01a1 \u1edf tr\u1ebb em t\u1eeb 2 \u0111\u1ebfn d\u01b0\u1edbi 18 tu\u1ed5i m\u1eafc b\u1ec7nh SMA lo\u1ea1i 2 hay kh\u00f4ng.&#8221;]M\u1ee5c \u0111\u00edch c\u1ee7a Nghi\u00ean c\u1ee9u STEER l\u00e0 g\u00ec?[\/vc_custom_heading][vc_button button_color=&#8221;color-jevc&#8221; size=&#8221;btn-lg&#8221; radius=&#8221;btn-round&#8221; border_animation=&#8221;btn-ripple-out&#8221; outline=&#8221;yes&#8221; border_width=&#8221;2&#8243; button_color_type=&#8221;uncode-palette&#8221; uncode_shortcode_id=&#8221;156485&#8243; link=&#8221;url:%23tham%20d%E1%BB%B1|&#8221;]Ai c\u00f3 th\u1ec3 tham gia?[\/vc_button][vc_single_image media=&#8221;76&#8243; media_width_percent=&#8221;100&#8243; uncode_shortcode_id=&#8221;128483&#8243;][\/vc_column][vc_column width=&#8221;1\/2&#8243;][vc_custom_heading text_size=&#8221;h1&#8243; text_height=&#8221;fontheight-181378&#8243; uncode_shortcode_id=&#8221;163679&#8243; subheading=&#8221;OAV101 l\u00e0 m\u1ed9t li\u1ec7u ph\u00e1p gen \u0111\u01b0\u1ee3c thi\u1ebft k\u1ebf \u0111\u1ec3 cung c\u1ea5p m\u1ed9t b\u1ea3n sao ho\u1ea1t \u0111\u1ed9ng m\u1edbi c\u1ee7a gen SMN1 \u0111\u1ebfn c\u00e1c t\u1ebf b\u00e0o th\u1ea7n kinh v\u1eadn \u0111\u1ed9ng. M\u1ee5c \u0111\u00edch l\u00e0 \u0111\u1ec3 gen SMN1 m\u1edbi t\u1ea1o ra \u0111\u1ee7 protein SMN \u0111\u1ec3 ng\u0103n ch\u1eb7n m\u1ea5t th\u00eam t\u1ebf b\u00e0o th\u1ea7n kinh v\u1eadn \u0111\u1ed9ng.&#8221;]OAV101 l\u00e0 g\u00ec?[\/vc_custom_heading][vc_single_image media=&#8221;200&#8243; media_width_percent=&#8221;90&#8243; alignment=&#8221;center&#8221; uncode_shortcode_id=&#8221;194517&#8243;][\/vc_column][\/vc_row][vc_row unlock_row_content=&#8221;yes&#8221; row_height_percent=&#8221;0&#8243; override_padding=&#8221;yes&#8221; h_padding=&#8221;5&#8243; top_padding=&#8221;3&#8243; bottom_padding=&#8221;3&#8243; back_color=&#8221;color-914595&#8243; overlay_alpha=&#8221;50&#8243; gutter_size=&#8221;4&#8243; column_width_percent=&#8221;100&#8243; shift_y=&#8221;0&#8243; z_index=&#8221;0&#8243; uncode_shortcode_id=&#8221;410730&#8243; back_color_type=&#8221;uncode-palette&#8221; row_name=&#8221;participate&#8221;][vc_column width=&#8221;1\/2&#8243;][vc_single_image media=&#8221;79&#8243; media_width_percent=&#8221;100&#8243; uncode_shortcode_id=&#8221;107057&#8243;][\/vc_column][vc_column column_width_percent=&#8221;90&#8243; position_horizontal=&#8221;left&#8221; position_vertical=&#8221;middle&#8221; gutter_size=&#8221;3&#8243; overlay_alpha=&#8221;50&#8243; shift_x=&#8221;0&#8243; shift_y=&#8221;0&#8243; shift_y_down=&#8221;0&#8243; z_index=&#8221;0&#8243; medium_width=&#8221;0&#8243; mobile_width=&#8221;0&#8243; width=&#8221;1\/2&#8243; uncode_shortcode_id=&#8221;136271&#8243;][vc_custom_heading text_size=&#8221;h1&#8243; text_height=&#8221;fontheight-181378&#8243; uncode_shortcode_id=&#8221;125477&#8243; subheading=&#8221;Nghi\u00ean c\u1ee9u d\u00e0nh cho tr\u1ebb em t\u1eeb 2 \u0111\u1ebfn d\u01b0\u1edbi 18 tu\u1ed5i c\u00f3 SMA lo\u1ea1i 2, nh\u1eefng ng\u01b0\u1eddi:&#8221;]Ai c\u00f3 th\u1ec3 tham gia v\u00e0o nghi\u00ean c\u1ee9u n\u00e0y?[\/vc_custom_heading][uncode_list uncode_shortcode_id=&#8221;237932&#8243;]<\/p>\n<ul>\n<li>C\u00f3 th\u1ec3 ng\u1ed3i \u0111\u1ed9c l\u1eadp nh\u01b0ng ch\u01b0a bao gi\u1edd c\u00f3 th\u1ec3 \u0111i l\u1ea1i m\u1ed9t c\u00e1ch \u0111\u1ed9c l\u1eadp.<\/li>\n<li>B\u1eaft \u0111\u1ea7u xu\u1ea5t hi\u1ec7n c\u00e1c tri\u1ec7u ch\u1ee9ng c\u1ee7a b\u1ec7nh SMA khi tr\u1ebb \u0111\u01b0\u1ee3c 6 th\u00e1ng tu\u1ed5i tr\u1edf l\u00ean.<\/li>\n<li>Ch\u01b0a nh\u1eadn \u0111\u01b0\u1ee3c b\u1ea5t k\u1ef3 ph\u01b0\u01a1ng ph\u00e1p \u0111i\u1ec1u tr\u1ecb n\u00e0o l\u00e0m t\u0103ng SMN.<\/li>\n<\/ul>\n<p>[\/uncode_list][\/vc_column][\/vc_row]<\/p>\n","protected":false},"excerpt":{"rendered":"<p>[vc_row unlock_row_content=&#8221;yes&#8221; row_height_percent=&#8221;0&#8243; override_padding=&#8221;yes&#8221; h_padding=&#8221;5&#8243; top_padding=&#8221;4&#8243; bottom_padding=&#8221;3&#8243; overlay_alpha=&#8221;50&#8243; gutter_size=&#8221;4&#8243; column_width_percent=&#8221;100&#8243; shift_y=&#8221;0&#8243; z_index=&#8221;0&#8243; uncode_shortcode_id=&#8221;325473&#8243; row_name=&#8221;what-is&#8221;][vc_column width=&#8221;1\/2&#8243;][vc_custom_heading text_size=&#8221;h1&#8243; text_height=&#8221;fontheight-181378&#8243; uncode_shortcode_id=&#8221;269975&#8243; subheading=&#8221;M\u1ee5c \u0111\u00edch [&hellip;]<\/p>\n","protected":false},"author":6,"featured_media":1493,"parent":0,"menu_order":0,"comment_status":"closed","ping_status":"closed","template":"","meta":{"inline_featured_image":false,"footnotes":""},"class_list":["post-1550","page","type-page","status-publish","has-post-thumbnail","hentry"],"_links":{"self":[{"href":"https:\/\/thesteerstudy.com\/vi\/wp-json\/wp\/v2\/pages\/1550","targetHints":{"allow":["GET"]}}],"collection":[{"href":"https:\/\/thesteerstudy.com\/vi\/wp-json\/wp\/v2\/pages"}],"about":[{"href":"https:\/\/thesteerstudy.com\/vi\/wp-json\/wp\/v2\/types\/page"}],"author":[{"embeddable":true,"href":"https:\/\/thesteerstudy.com\/vi\/wp-json\/wp\/v2\/users\/6"}],"replies":[{"embeddable":true,"href":"https:\/\/thesteerstudy.com\/vi\/wp-json\/wp\/v2\/comments?post=1550"}],"version-history":[{"count":0,"href":"https:\/\/thesteerstudy.com\/vi\/wp-json\/wp\/v2\/pages\/1550\/revisions"}],"wp:featuredmedia":[{"embeddable":true,"href":"https:\/\/thesteerstudy.com\/vi\/wp-json\/wp\/v2\/media\/1493"}],"wp:attachment":[{"href":"https:\/\/thesteerstudy.com\/vi\/wp-json\/wp\/v2\/media?parent=1550"}],"curies":[{"name":"wp","href":"https:\/\/api.w.org\/{rel}","templated":true}]}}