{"id":1059,"date":"2022-04-08T00:34:48","date_gmt":"2022-04-08T00:34:48","guid":{"rendered":"https:\/\/smasteer.wpengine.com\/sobre-o-estudo\/"},"modified":"2022-07-19T21:21:16","modified_gmt":"2022-07-19T21:21:16","slug":"sobre-o-estudo","status":"publish","type":"page","link":"https:\/\/thesteerstudy.com\/pt-br\/","title":{"rendered":"Sobre o estudo"},"content":{"rendered":"<p>[vc_row unlock_row_content=&#8221;yes&#8221; row_height_percent=&#8221;0&#8243; override_padding=&#8221;yes&#8221; h_padding=&#8221;5&#8243; top_padding=&#8221;4&#8243; bottom_padding=&#8221;3&#8243; overlay_alpha=&#8221;50&#8243; gutter_size=&#8221;4&#8243; column_width_percent=&#8221;100&#8243; shift_y=&#8221;0&#8243; z_index=&#8221;0&#8243; uncode_shortcode_id=&#8221;325473&#8243; row_name=&#8221;what-is&#8221;][vc_column width=&#8221;1\/2&#8243;][vc_custom_heading text_size=&#8221;h1&#8243; text_height=&#8221;fontheight-181378&#8243; uncode_shortcode_id=&#8221;269975&#8243; subheading=&#8221;O objetivo do Estudo STEER \u00e9 entender se a terapia gen\u00e9tica experimental OAV101 \u00e9 segura e pode ajudar a melhorar a fun\u00e7\u00e3o muscular em crian\u00e7as de 2 a menos de 18 anos de idade que t\u00eam AME tipo 2.&#8221;]Qual \u00e9 o objetivo do Estudo STEER?[\/vc_custom_heading][vc_button button_color=&#8221;color-jevc&#8221; size=&#8221;btn-lg&#8221; radius=&#8221;btn-round&#8221; border_animation=&#8221;btn-ripple-out&#8221; outline=&#8221;yes&#8221; border_width=&#8221;2&#8243; button_color_type=&#8221;uncode-palette&#8221; uncode_shortcode_id=&#8221;156485&#8243; link=&#8221;url:%23participate|&#8221;]Quem pode participar?[\/vc_button][vc_single_image media=&#8221;76&#8243; media_width_percent=&#8221;100&#8243; uncode_shortcode_id=&#8221;128483&#8243;][\/vc_column][vc_column width=&#8221;1\/2&#8243;][vc_custom_heading text_size=&#8221;h1&#8243; text_height=&#8221;fontheight-181378&#8243; uncode_shortcode_id=&#8221;163679&#8243; subheading=&#8221;OAV101 \u00e9 uma terapia gen\u00e9tica projetada para fornecer uma nova c\u00f3pia funcional do gene SMN1 aos neur\u00f4nios motores. O objetivo \u00e9 que o novo gene SMN1 produza prote\u00edna SMN o bastante para evitar a perda adicional de neur\u00f4nios motores.&#8221;]O que \u00e9 OAV101?[\/vc_custom_heading][vc_single_image media=&#8221;200&#8243; media_width_percent=&#8221;90&#8243; alignment=&#8221;center&#8221; uncode_shortcode_id=&#8221;194517&#8243;][\/vc_column][\/vc_row][vc_row unlock_row_content=&#8221;yes&#8221; row_height_percent=&#8221;0&#8243; override_padding=&#8221;yes&#8221; h_padding=&#8221;5&#8243; top_padding=&#8221;3&#8243; bottom_padding=&#8221;3&#8243; back_color=&#8221;color-914595&#8243; overlay_alpha=&#8221;50&#8243; gutter_size=&#8221;4&#8243; column_width_percent=&#8221;100&#8243; shift_y=&#8221;0&#8243; z_index=&#8221;0&#8243; uncode_shortcode_id=&#8221;410730&#8243; back_color_type=&#8221;uncode-palette&#8221; row_name=&#8221;participate&#8221;][vc_column width=&#8221;1\/2&#8243;][vc_single_image media=&#8221;79&#8243; media_width_percent=&#8221;100&#8243; uncode_shortcode_id=&#8221;107057&#8243;][\/vc_column][vc_column column_width_percent=&#8221;90&#8243; position_horizontal=&#8221;left&#8221; position_vertical=&#8221;middle&#8221; gutter_size=&#8221;3&#8243; overlay_alpha=&#8221;50&#8243; shift_x=&#8221;0&#8243; shift_y=&#8221;0&#8243; shift_y_down=&#8221;0&#8243; z_index=&#8221;0&#8243; medium_width=&#8221;0&#8243; mobile_width=&#8221;0&#8243; width=&#8221;1\/2&#8243; uncode_shortcode_id=&#8221;136271&#8243;][vc_custom_heading text_size=&#8221;h1&#8243; text_height=&#8221;fontheight-181378&#8243; uncode_shortcode_id=&#8221;125477&#8243; subheading=&#8221;O estudo \u00e9 para crian\u00e7as de 2 a menos de 18 anos, com AME tipo 2 que:&#8221;]Quem pode participar neste estudo?[\/vc_custom_heading][uncode_list uncode_shortcode_id=&#8221;237932&#8243;]<\/p>\n<ul>\n<li>S\u00e3o capazes de se sentar de forma independente, mas nunca foram capazes de andar de forma independente.<\/li>\n<li>Come\u00e7aram a apresentar sintomas de AME aos 6 meses de idade ou mais.<\/li>\n<li>Ainda n\u00e3o receberam nenhum tratamento que aumente a SMN.<\/li>\n<\/ul>\n<p>[\/uncode_list][\/vc_column][\/vc_row]<\/p>\n","protected":false},"excerpt":{"rendered":"<p>[vc_row unlock_row_content=&#8221;yes&#8221; row_height_percent=&#8221;0&#8243; override_padding=&#8221;yes&#8221; h_padding=&#8221;5&#8243; top_padding=&#8221;4&#8243; bottom_padding=&#8221;3&#8243; overlay_alpha=&#8221;50&#8243; gutter_size=&#8221;4&#8243; column_width_percent=&#8221;100&#8243; shift_y=&#8221;0&#8243; z_index=&#8221;0&#8243; uncode_shortcode_id=&#8221;325473&#8243; row_name=&#8221;what-is&#8221;][vc_column width=&#8221;1\/2&#8243;][vc_custom_heading text_size=&#8221;h1&#8243; text_height=&#8221;fontheight-181378&#8243; uncode_shortcode_id=&#8221;269975&#8243; subheading=&#8221;O objetivo [&hellip;]<\/p>\n","protected":false},"author":6,"featured_media":558,"parent":0,"menu_order":0,"comment_status":"closed","ping_status":"closed","template":"","meta":{"inline_featured_image":false,"footnotes":""},"class_list":["post-1059","page","type-page","status-publish","has-post-thumbnail","hentry"],"_links":{"self":[{"href":"https:\/\/thesteerstudy.com\/pt-br\/wp-json\/wp\/v2\/pages\/1059","targetHints":{"allow":["GET"]}}],"collection":[{"href":"https:\/\/thesteerstudy.com\/pt-br\/wp-json\/wp\/v2\/pages"}],"about":[{"href":"https:\/\/thesteerstudy.com\/pt-br\/wp-json\/wp\/v2\/types\/page"}],"author":[{"embeddable":true,"href":"https:\/\/thesteerstudy.com\/pt-br\/wp-json\/wp\/v2\/users\/6"}],"replies":[{"embeddable":true,"href":"https:\/\/thesteerstudy.com\/pt-br\/wp-json\/wp\/v2\/comments?post=1059"}],"version-history":[{"count":0,"href":"https:\/\/thesteerstudy.com\/pt-br\/wp-json\/wp\/v2\/pages\/1059\/revisions"}],"wp:featuredmedia":[{"embeddable":true,"href":"https:\/\/thesteerstudy.com\/pt-br\/wp-json\/wp\/v2\/media\/558"}],"wp:attachment":[{"href":"https:\/\/thesteerstudy.com\/pt-br\/wp-json\/wp\/v2\/media?parent=1059"}],"curies":[{"name":"wp","href":"https:\/\/api.w.org\/{rel}","templated":true}]}}